{"id":19,"date":"2024-02-21T09:56:05","date_gmt":"2024-02-21T09:56:05","guid":{"rendered":"https:\/\/praakla.ee\/avaleht\/"},"modified":"2025-11-04T08:33:54","modified_gmt":"2025-11-04T08:33:54","slug":"avaleht","status":"publish","type":"page","link":"https:\/\/praakla.ee\/","title":{"rendered":"Avaleht"},"content":{"rendered":"\n<div class=\"wp-block-group alignfull has-background-background-color has-background has-global-padding is-layout-constrained wp-container-core-group-is-layout-046d5c65 wp-block-group-is-layout-constrained\" style=\"margin-top:0;margin-bottom:0;padding-top:0;padding-right:var(--wp--preset--spacing--30);padding-bottom:0;padding-left:var(--wp--preset--spacing--30)\">\n<div class=\"wp-block-columns alignfull are-vertically-aligned-center is-layout-flex wp-container-core-columns-is-layout-e5e30b16 wp-block-columns-is-layout-flex\" style=\"padding-right:0;padding-left:0\">\n<div class=\"wp-block-column is-vertically-aligned-center is-layout-flow wp-block-column-is-layout-flow\">\n<div class=\"wp-block-group has-global-padding is-content-justification-center is-layout-constrained wp-container-core-group-is-layout-f2ca5b04 wp-block-group-is-layout-constrained\" style=\"padding-top:var(--wp--preset--spacing--30);padding-right:var(--wp--preset--spacing--30);padding-bottom:var(--wp--preset--spacing--30);padding-left:var(--wp--preset--spacing--30)\">\n<h1 class=\"wp-block-heading\" style=\"margin-top:12px\">MT\u00dc J\u00e4\u00e4k ja Praak<\/h1>\n\n\n\n<p style=\"margin-top:16px\">MT\u00dc J\u00e4\u00e4k ja Praak aitab kaasa rohep\u00f6\u00f6rdele, valmistades j\u00e4\u00e4kidest ja praagist tooteid, mis on vajalikud k\u00f5ikides majapidamistes \u2013 pajalapid \/ kuumaalused ja kinkekotid ning lillekotid, mida aitavad valmistada Hiiumaa erivajadusega inimesed.<\/p>\n\n\n\n<div class=\"wp-block-buttons is-layout-flex wp-container-core-buttons-is-layout-12dcd427 wp-block-buttons-is-layout-flex\" style=\"margin-top:var(--wp--preset--spacing--40)\">\n<div class=\"wp-block-button\"><a class=\"wp-block-button__link wp-element-button\" href=\"https:\/\/praakla.ee\/kontakt\/\">V\u00f5ta \u00fchendust<\/a><\/div>\n\n\n\n<div class=\"wp-block-button\"><a class=\"wp-block-button__link wp-element-button\" href=\"https:\/\/praakla.ee\/tooted\/\">Tooted<\/a><\/div>\n<\/div>\n<\/div>\n<\/div>\n\n\n\n<div class=\"wp-block-column is-vertically-aligned-center is-layout-flow wp-block-column-is-layout-flow\">\n<div class=\"wp-block-cover is-light\" style=\"min-height:75vh;aspect-ratio:unset;\"><span aria-hidden=\"true\" class=\"wp-block-cover__background has-background-dim-0 has-background-dim\"><\/span><img loading=\"lazy\" decoding=\"async\" width=\"1800\" height=\"1200\" class=\"wp-block-cover__image-background wp-image-28\" alt=\"\" src=\"https:\/\/praakla.ee\/wp-content\/uploads\/2024\/02\/280121357_4951652518203382_5457315757038471396_n.jpg\" data-object-fit=\"cover\" srcset=\"https:\/\/praakla.ee\/wp-content\/uploads\/2024\/02\/280121357_4951652518203382_5457315757038471396_n.jpg 1800w, https:\/\/praakla.ee\/wp-content\/uploads\/2024\/02\/280121357_4951652518203382_5457315757038471396_n-300x200.jpg 300w, https:\/\/praakla.ee\/wp-content\/uploads\/2024\/02\/280121357_4951652518203382_5457315757038471396_n-1024x683.jpg 1024w, https:\/\/praakla.ee\/wp-content\/uploads\/2024\/02\/280121357_4951652518203382_5457315757038471396_n-768x512.jpg 768w, https:\/\/praakla.ee\/wp-content\/uploads\/2024\/02\/280121357_4951652518203382_5457315757038471396_n-1536x1024.jpg 1536w\" sizes=\"auto, (max-width: 1800px) 100vw, 1800px\" \/><div class=\"wp-block-cover__inner-container is-layout-flow wp-block-cover-is-layout-flow\">\n<p class=\"has-text-align-center has-large-font-size\"><\/p>\n<\/div><\/div>\n<\/div>\n<\/div>\n<\/div>\n\n\n\n<div class=\"wp-block-group alignfull has-background-background-color has-background has-global-padding is-layout-constrained wp-container-core-group-is-layout-c03f3b2a wp-block-group-is-layout-constrained\" style=\"padding-top:var(--wp--preset--spacing--60);padding-right:var(--wp--preset--spacing--30);padding-bottom:var(--wp--preset--spacing--60);padding-left:var(--wp--preset--spacing--30)\">\n<div class=\"wp-block-media-text alignwide has-media-on-the-right is-stacked-on-mobile is-vertically-aligned-center is-image-fill\" style=\"padding-right:0;padding-left:0;grid-template-columns:auto 40%\"><div class=\"wp-block-media-text__content\">\n<div class=\"wp-block-group has-global-padding is-content-justification-left is-layout-constrained wp-container-core-group-is-layout-cdff7eec wp-block-group-is-layout-constrained\" style=\"padding-top:var(--wp--preset--spacing--30);padding-right:0;padding-bottom:var(--wp--preset--spacing--30);padding-left:0\">\n<h3 class=\"wp-block-heading\" style=\"margin-top:12px\">MT\u00dc J\u00c4\u00c4K JA PRAAK<\/h3>\n\n\n\n<p style=\"margin-top:16px\">Registrikood: 80385764<\/p>\n\n\n\n<p>Aadress: Lento,&nbsp;Kuri k\u00fcla, 92337&nbsp;Hiiumaa vald,&nbsp;Hiiu maakond<\/p>\n\n\n\n<p>Telefon: +3725269929<\/p>\n\n\n\n<p>Epost: <a href=\"mailto:praakla@gmail.com\">praakla@gmail.com<\/a><\/p>\n\n\n\n<div class=\"wp-block-buttons is-layout-flex wp-container-core-buttons-is-layout-12dcd427 wp-block-buttons-is-layout-flex\" style=\"margin-top:var(--wp--preset--spacing--40)\">\n<div class=\"wp-block-button\"><a class=\"wp-block-button__link wp-element-button\">V\u00f5ta \u00fchendust<\/a><\/div>\n<\/div>\n<\/div>\n<\/div><figure class=\"wp-block-media-text__media\" style=\"background-image:url(https:\/\/praakla.ee\/wp-content\/uploads\/2024\/03\/MG_5444-1024x683.jpg);background-position:50% 50%\"><img loading=\"lazy\" decoding=\"async\" width=\"1024\" height=\"683\" src=\"https:\/\/praakla.ee\/wp-content\/uploads\/2024\/03\/MG_5444-1024x683.jpg\" alt=\"\" class=\"wp-image-115 size-full\" srcset=\"https:\/\/praakla.ee\/wp-content\/uploads\/2024\/03\/MG_5444-1024x683.jpg 1024w, https:\/\/praakla.ee\/wp-content\/uploads\/2024\/03\/MG_5444-300x200.jpg 300w, https:\/\/praakla.ee\/wp-content\/uploads\/2024\/03\/MG_5444-768x512.jpg 768w, https:\/\/praakla.ee\/wp-content\/uploads\/2024\/03\/MG_5444-1536x1024.jpg 1536w, https:\/\/praakla.ee\/wp-content\/uploads\/2024\/03\/MG_5444.jpg 1800w\" sizes=\"auto, (max-width: 1024px) 100vw, 1024px\" \/><\/figure><\/div>\n<\/div>\n","protected":false},"excerpt":{"rendered":"<p>MT\u00dc J\u00e4\u00e4k ja Praak MT\u00dc J\u00e4\u00e4k ja Praak aitab kaasa rohep\u00f6\u00f6rdele, valmistades j\u00e4\u00e4kidest ja praagist tooteid, mis on vajalikud k\u00f5ikides majapidamistes \u2013 pajalapid \/ kuumaalused ja kinkekotid ning lillekotid, mida aitavad valmistada Hiiumaa erivajadusega inimesed. MT\u00dc J\u00c4\u00c4K JA PRAAK Registrikood: 80385764 Aadress: Lento,&nbsp;Kuri k\u00fcla, 92337&nbsp;Hiiumaa vald,&nbsp;Hiiu maakond Telefon: +3725269929 Epost: praakla@gmail.com<\/p>\n","protected":false},"author":1,"featured_media":0,"parent":0,"menu_order":0,"comment_status":"closed","ping_status":"closed","template":"no-title","meta":{"_monsterinsights_skip_tracking":false,"_monsterinsights_sitenote_active":false,"_monsterinsights_sitenote_note":"","_monsterinsights_sitenote_category":0,"footnotes":""},"class_list":["post-19","page","type-page","status-publish","hentry"],"aioseo_notices":[],"_links":{"self":[{"href":"https:\/\/praakla.ee\/index.php?rest_route=\/wp\/v2\/pages\/19","targetHints":{"allow":["GET"]}}],"collection":[{"href":"https:\/\/praakla.ee\/index.php?rest_route=\/wp\/v2\/pages"}],"about":[{"href":"https:\/\/praakla.ee\/index.php?rest_route=\/wp\/v2\/types\/page"}],"author":[{"embeddable":true,"href":"https:\/\/praakla.ee\/index.php?rest_route=\/wp\/v2\/users\/1"}],"replies":[{"embeddable":true,"href":"https:\/\/praakla.ee\/index.php?rest_route=%2Fwp%2Fv2%2Fcomments&post=19"}],"version-history":[{"count":0,"href":"https:\/\/praakla.ee\/index.php?rest_route=\/wp\/v2\/pages\/19\/revisions"}],"wp:attachment":[{"href":"https:\/\/praakla.ee\/index.php?rest_route=%2Fwp%2Fv2%2Fmedia&parent=19"}],"curies":[{"name":"wp","href":"https:\/\/api.w.org\/{rel}","templated":true}]}}